{"id":3,"date":"2025-01-21T17:34:48","date_gmt":"2025-01-21T17:34:48","guid":{"rendered":"https:\/\/holaskuteri.lv\/?page_id=3"},"modified":"2025-03-31T16:46:55","modified_gmt":"2025-03-31T16:46:55","slug":"privatuma-politika","status":"publish","type":"page","link":"https:\/\/holaskuteri.lv\/en\/privatuma-politika\/","title":{"rendered":"Priv\u0101tuma Politika"},"content":{"rendered":"<h2 class=\"wp-block-heading\">Visp\u0101r\u012bgie noteikumi<\/h2>\n\n\n\n<p>1.1. \u0160\u012b Priv\u0101tuma politika apraksta, k\u0101 Sabiedr\u012bba ar ierobe\u017eotu atbild\u012bbu &#8220;Altafina&#8221;, re\u0123. Nr. 40103401385, juridisk\u0101 adrese: Ventas iela 56, M\u0101rupe, M\u0101rupes nov., LV-2167 (turpm\u0101k saukta ar\u012b par &#8220;Datu p\u0101rzini&#8221;), ieg\u016bst, apstr\u0101d\u0101 un glab\u0101 personas datus, ko interneta veikals <a>www.holaskuteri.lv<\/a> ieg\u016bst no saviem klientiem un person\u0101m, kas apmekl\u0113 interneta m\u0101jaslapu (turpm\u0101k saukti &#8220;Datu subjekts&#8221; vai &#8220;J\u016bs&#8221;).<\/p>\n\n\n\n<p>1.2. Personas dati ir jebkura inform\u0101cija attiec\u012bb\u0101 uz identific\u0113tu vai identific\u0113jamu fizisku personu, t. i., Datu subjektu. Apstr\u0101de ir jebkura ar personas datiem saist\u012bta darb\u012bba, piem\u0113ram, ieg\u016b\u0161ana, ierakst\u012b\u0161ana, p\u0101rveido\u0161ana, izmanto\u0161ana, skat\u012b\u0161ana, dz\u0113\u0161ana vai izn\u012bcin\u0101\u0161ana.<\/p>\n\n\n\n<p>1.3. Datu p\u0101rzinis iev\u0113ro likumdo\u0161an\u0101 paredz\u0113tos datu apstr\u0101des principus un sp\u0113j apstiprin\u0101t, ka personas dati tiek apstr\u0101d\u0101ti saska\u0146\u0101 ar sp\u0113k\u0101 eso\u0161o likumdo\u0161anu.<\/p>\n\n\n\n<ol start=\"2\" class=\"wp-block-list\">\n<li>Personas datu ieg\u016b\u0161ana, apstr\u0101de un glab\u0101\u0161ana<\/li>\n<\/ol>\n\n\n\n<p>2.1. Personu identific\u0113jo\u0161u inform\u0101ciju Datu p\u0101rzinis ieg\u016bst, apstr\u0101d\u0101 un glab\u0101, galvenok\u0101rt izmantojot interneta veikala vietni un e-pastu.<\/p>\n\n\n\n<p>2.2. Apmekl\u0113jot un izmantojot interneta veikala sniegtos pakalpojumus, J\u016bs piekr\u012btat, ka jebkura sniegt\u0101 inform\u0101cija tiek izmantota un p\u0101rvald\u012bta atbilsto\u0161i \u0160\u012b Priv\u0101tuma politik\u0101 noteiktajiem m\u0113r\u0137iem.<\/p>\n\n\n\n<p>2.3. Datu subjekts ir atbild\u012bgs par to, lai iesniegtie personas dati b\u016btu pareizi, prec\u012bzi un piln\u012bgi. Apzin\u0101ta nepatiesas inform\u0101cijas snieg\u0161ana tiek uzskat\u012bta par m\u016bsu Priv\u0101tuma politikas p\u0101rk\u0101pumu. Datu subjektam ir pien\u0101kums nekav\u0113joties pazi\u0146ot Datu p\u0101rzinim par jebkur\u0101m izmai\u0146\u0101m iesniegtajos personas datos.<\/p>\n\n\n\n<ol start=\"3\" class=\"wp-block-list\">\n<li>Klientu personas datu apstr\u0101de<\/li>\n<\/ol>\n\n\n\n<p>3.1. Datu p\u0101rzinis var apstr\u0101d\u0101t \u0161\u0101dus personas datus:<\/p>\n\n\n\n<ul class=\"wp-block-list\">\n<li>V\u0101rds, uzv\u0101rds<\/li>\n\n\n\n<li>Dzim\u0161anas datums<\/li>\n\n\n\n<li>Kontaktinform\u0101cija (e-pasta adrese un\/vai t\u0101lru\u0146a numurs)<\/li>\n\n\n\n<li>Dar\u012bjuma dati (ieg\u0101d\u0101t\u0101s preces, pieg\u0101des adrese, cena, maks\u0101juma inform\u0101cija u.t.t.)<\/li>\n\n\n\n<li>Jebkuru citu inform\u0101ciju, kas iesniegta vietnes pied\u0101v\u0101to pakalpojumu un pre\u010du ieg\u0101des laik\u0101 vai sazinoties ar mums.<\/li>\n<\/ul>\n\n\n\n<p>3.2. Papildus iepriek\u0161 min\u0113tajam, Datu p\u0101rzinim ir ties\u012bbas p\u0101rbaud\u012bt iesniegto datu precizit\u0101ti, izmantojot publiski pieejamos re\u0123istrus.<\/p>\n\n\n\n<p>3.3. Personas datu apstr\u0101des juridiskais pamats ir Visp\u0101r\u012bg\u0101s datu aizsardz\u012bbas regulas 6.panta 1.punkta a), b), c) un f) apak\u0161punkts.<\/p>\n\n\n\n<p>3.4. Datu p\u0101rzinis glab\u0101 un apstr\u0101d\u0101 Datu subjekta personas datus, kam\u0113r past\u0101v vismaz viens no \u0161iem krit\u0113rijiem:<\/p>\n\n\n\n<ul class=\"wp-block-list\">\n<li>Personas dati nepiecie\u0161ami tiem nol\u016bkiem, kam tie sa\u0146emti;<\/li>\n\n\n\n<li>Kam\u0113r past\u0101v juridisks pien\u0101kums datus glab\u0101t;<\/li>\n\n\n\n<li>Kam\u0113r ir sp\u0113k\u0101 Datu subjekta piekri\u0161ana attiec\u012bgajai personas datu apstr\u0101dei.<\/li>\n<\/ul>\n\n\n\n<p>3.5. Lai pild\u012btu savas saist\u012bbas pret Jums, Datu p\u0101rzinim ir ties\u012bbas nodot J\u016bsu personas datus sadarb\u012bbas partneriem, datu apstr\u0101d\u0101t\u0101jiem, piem\u0113ram, gr\u0101matve\u017eiem, kurjerdienestiem u.c. <\/p>\n\n\n\n<ol start=\"4\" class=\"wp-block-list\">\n<li>Datu subjekta ties\u012bbas<\/li>\n<\/ol>\n\n\n\n<p>4.1. Jums ir ties\u012bbas:<\/p>\n\n\n\n<ul class=\"wp-block-list\">\n<li>Piek\u013c\u016bt saviem personas datiem, sa\u0146emt inform\u0101ciju par to apstr\u0101di;<\/li>\n\n\n\n<li>Piepras\u012bt labot nepareizus, neprec\u012bzus vai nepiln\u012bgus personas datus;<\/li>\n\n\n\n<li>Dz\u0113st savus personas datus;<\/li>\n\n\n\n<li>Atsaukt savu iepriek\u0161 sniegto piekri\u0161anu personas datu apstr\u0101dei;<\/li>\n\n\n\n<li>V\u0113rsties Datu valsts inspekcij\u0101.<\/li>\n<\/ul>\n\n\n\n<p>Piepras\u012bjumu par savu ties\u012bbu \u012bsteno\u0161anu varat iesniegt, aizpildot formu kl\u0101tien\u0113 Ventas iel\u0101 56, M\u0101rupe, M\u0101rupes nov., LV-2167, vai nos\u016btot piepras\u012bjumu elektroniski uz e-pasta adresi.<\/p>\n\n\n\n<ol start=\"5\" class=\"wp-block-list\">\n<li>Nobeiguma noteikumi<\/li>\n<\/ol>\n\n\n\n<p>5.1. Datu p\u0101rzinim ir ties\u012bbas veikt izmai\u0146as Priv\u0101tuma politik\u0101 jebkur\u0101 br\u012bd\u012b un bez iepriek\u0161\u0113ja br\u012bdin\u0101juma. Labojumi st\u0101jas sp\u0113k\u0101 p\u0113c to public\u0113\u0161anas m\u0101jas lap\u0101 <a>www.holaskuteri.lv<\/a>.<\/p>","protected":false},"excerpt":{"rendered":"<p>Visp\u0101r\u012bgie noteikumi 1.1. \u0160\u012b Priv\u0101tuma politika apraksta, k\u0101 Sabiedr\u012bba ar ierobe\u017eotu atbild\u012bbu &#8220;Altafina&#8221;, re\u0123. Nr. 40103401385, juridisk\u0101 adrese: Ventas iela<\/p>","protected":false},"author":1,"featured_media":0,"parent":0,"menu_order":0,"comment_status":"closed","ping_status":"closed","template":"elementor_header_footer","meta":{"footnotes":""},"class_list":["post-3","page","type-page","status-publish","hentry"],"_links":{"self":[{"href":"https:\/\/holaskuteri.lv\/en\/wp-json\/wp\/v2\/pages\/3","targetHints":{"allow":["GET"]}}],"collection":[{"href":"https:\/\/holaskuteri.lv\/en\/wp-json\/wp\/v2\/pages"}],"about":[{"href":"https:\/\/holaskuteri.lv\/en\/wp-json\/wp\/v2\/types\/page"}],"author":[{"embeddable":true,"href":"https:\/\/holaskuteri.lv\/en\/wp-json\/wp\/v2\/users\/1"}],"replies":[{"embeddable":true,"href":"https:\/\/holaskuteri.lv\/en\/wp-json\/wp\/v2\/comments?post=3"}],"version-history":[{"count":3,"href":"https:\/\/holaskuteri.lv\/en\/wp-json\/wp\/v2\/pages\/3\/revisions"}],"predecessor-version":[{"id":16106,"href":"https:\/\/holaskuteri.lv\/en\/wp-json\/wp\/v2\/pages\/3\/revisions\/16106"}],"wp:attachment":[{"href":"https:\/\/holaskuteri.lv\/en\/wp-json\/wp\/v2\/media?parent=3"}],"curies":[{"name":"wp","href":"https:\/\/api.w.org\/{rel}","templated":true}]}}