{"id":16159,"date":"2026-04-10T20:01:06","date_gmt":"2026-04-10T20:01:06","guid":{"rendered":"https:\/\/holaskuteri.lv\/?post_type=product&#038;p=16159"},"modified":"2026-04-30T11:55:37","modified_gmt":"2026-04-30T11:55:37","slug":"hola-afd-4l","status":"publish","type":"product","link":"https:\/\/holaskuteri.lv\/en\/product\/hola-afd-4l\/","title":{"rendered":"HOLA AFD-4 (EEC)"},"content":{"rendered":"<div data-elementor-type=\"wp-post\" data-elementor-id=\"16159\" class=\"elementor elementor-16159\">\n\t\t\t\t<div class=\"wd-negative-gap elementor-element elementor-element-7fa2261 e-flex e-con-boxed e-con e-parent\" data-id=\"7fa2261\" data-element_type=\"container\" data-e-type=\"container\">\n\t\t\t\t\t<div class=\"e-con-inner\">\n\t\t<div class=\"elementor-element elementor-element-3ca7910 e-con-full e-flex e-con e-child\" data-id=\"3ca7910\" data-element_type=\"container\" data-e-type=\"container\">\n\t\t\t\t<\/div>\n\t\t\t\t<div class=\"elementor-element elementor-element-4e35570 elementor-widget elementor-widget-wd_image_or_svg\" data-id=\"4e35570\" data-element_type=\"widget\" data-e-type=\"widget\" data-widget_type=\"wd_image_or_svg.default\">\n\t\t\t\t<div class=\"elementor-widget-container\">\n\t\t\t\t\t\n\t\t<div class=\"wd-image text-left\">\n\t\t\t\t\t\t\t\t<img loading=\"lazy\" decoding=\"async\" width=\"1920\" height=\"482\" src=\"https:\/\/holaskuteri.lv\/wp-content\/uploads\/2025\/02\/670b2dc9-37d2-41f5-8892-968af675e266.jpg\" class=\"attachment-full size-full\" alt=\"\" srcset=\"https:\/\/holaskuteri.lv\/wp-content\/uploads\/2025\/02\/670b2dc9-37d2-41f5-8892-968af675e266.jpg 1920w, https:\/\/holaskuteri.lv\/wp-content\/uploads\/2025\/02\/670b2dc9-37d2-41f5-8892-968af675e266-400x100.jpg 400w, https:\/\/holaskuteri.lv\/wp-content\/uploads\/2025\/02\/670b2dc9-37d2-41f5-8892-968af675e266-1300x326.jpg 1300w, https:\/\/holaskuteri.lv\/wp-content\/uploads\/2025\/02\/670b2dc9-37d2-41f5-8892-968af675e266-768x193.jpg 768w, https:\/\/holaskuteri.lv\/wp-content\/uploads\/2025\/02\/670b2dc9-37d2-41f5-8892-968af675e266-1536x386.jpg 1536w, https:\/\/holaskuteri.lv\/wp-content\/uploads\/2025\/02\/670b2dc9-37d2-41f5-8892-968af675e266-18x5.jpg 18w, https:\/\/holaskuteri.lv\/wp-content\/uploads\/2025\/02\/670b2dc9-37d2-41f5-8892-968af675e266-430x108.jpg 430w, https:\/\/holaskuteri.lv\/wp-content\/uploads\/2025\/02\/670b2dc9-37d2-41f5-8892-968af675e266-700x176.jpg 700w, https:\/\/holaskuteri.lv\/wp-content\/uploads\/2025\/02\/670b2dc9-37d2-41f5-8892-968af675e266-150x38.jpg 150w\" sizes=\"auto, (max-width: 1920px) 100vw, 1920px\" \/>\t\t\t\t\t<\/div>\n\n\t\t\t\t\t\t<\/div>\n\t\t\t\t<\/div>\n\t\t\t\t\t<\/div>\n\t\t\t\t<\/div>\n\t\t<div class=\"wd-negative-gap elementor-element elementor-element-0853e40 e-flex e-con-boxed e-con e-parent\" data-id=\"0853e40\" data-element_type=\"container\" data-e-type=\"container\">\n\t\t\t\t\t<div class=\"e-con-inner\">\n\t\t<div class=\"elementor-element elementor-element-f28cc42 e-con-full e-flex e-con e-child\" data-id=\"f28cc42\" data-element_type=\"container\" data-e-type=\"container\">\n\t\t<div class=\"elementor-element elementor-element-de589db e-con-full e-flex e-con e-child\" data-id=\"de589db\" data-element_type=\"container\" data-e-type=\"container\">\n\t\t\t\t<div class=\"elementor-element elementor-element-3cf5715 elementor-widget elementor-widget-wd_text_block\" data-id=\"3cf5715\" data-element_type=\"widget\" data-e-type=\"widget\" data-widget_type=\"wd_text_block.default\">\n\t\t\t\t<div class=\"elementor-widget-container\">\n\t\t\t\t\t\t\t<div class=\"wd-text-block reset-last-child text-left\">\n\t\t\t\n\t\t\t<p data-start=\"887\" data-end=\"913\"><strong data-start=\"887\" data-end=\"913\">Tehnisk\u0101 specifik\u0101cija<\/strong><\/p><ul data-start=\"915\" data-end=\"1100\"><li data-start=\"915\" data-end=\"943\"><strong data-start=\"917\" data-end=\"929\">Modelis:<\/strong> AFD-4 (EEC)<\/li><li data-start=\"944\" data-end=\"988\"><strong data-start=\"946\" data-end=\"965\">Izm\u0113ri (G\u00d7P\u00d7A):<\/strong> 1580 \u00d7 700 \u00d7 1080 mm<\/li><li data-start=\"989\" data-end=\"1035\"><strong data-start=\"991\" data-end=\"1013\">Iepakojuma izm\u0113ri:<\/strong> 1500 \u00d7 740 \u00d7 820 mm<\/li><li data-start=\"1036\" data-end=\"1063\"><strong data-start=\"1038\" data-end=\"1054\">Bruto svars:<\/strong> 135 kg<\/li><li data-start=\"1064\" data-end=\"1100\"><strong data-start=\"1066\" data-end=\"1091\">Maksim\u0101l\u0101 kravnes\u012bba:<\/strong> 150 kg<\/li><\/ul><p data-start=\"1102\" data-end=\"1121\"><strong data-start=\"1102\" data-end=\"1121\">Elektrosist\u0113ma:<\/strong><\/p><ul data-start=\"1122\" data-end=\"1344\"><li data-start=\"1122\" data-end=\"1168\"><strong data-start=\"1124\" data-end=\"1135\">Motors:<\/strong> 60V 500W diferenci\u0101lais motors<\/li><li data-start=\"1169\" data-end=\"1197\"><strong data-start=\"1171\" data-end=\"1188\">Kontrolieris:<\/strong> 60V12G<\/li><li data-start=\"1198\" data-end=\"1249\"><strong data-start=\"1200\" data-end=\"1216\">Akumulators:<\/strong> 60V 20Ah svina-sk\u0101bes baterija<\/li><li data-start=\"1250\" data-end=\"1309\"><strong data-start=\"1252\" data-end=\"1265\">L\u0101d\u0113t\u0101js:<\/strong> 60V 2.5A (sertifik\u0101cija p\u0113c piepras\u012bjuma)<\/li><li data-start=\"1310\" data-end=\"1344\"><strong data-start=\"1312\" data-end=\"1330\">Uzl\u0101des laiks:<\/strong> 6\u20138 stundas<\/li><\/ul><p data-start=\"1346\" data-end=\"1361\"><strong data-start=\"1346\" data-end=\"1361\">Veiktsp\u0113ja:<\/strong><\/p><ul data-start=\"1362\" data-end=\"1475\"><li data-start=\"1362\" data-end=\"1397\"><strong data-start=\"1364\" data-end=\"1387\">Maksim\u0101lais \u0101trums:<\/strong> 10 km\/h<\/li><li data-start=\"1398\" data-end=\"1444\"><strong data-start=\"1400\" data-end=\"1431\">Nobraukums ar vienu uzl\u0101di:<\/strong> l\u012bdz 50 km<\/li><li data-start=\"1445\" data-end=\"1475\"><strong data-start=\"1447\" data-end=\"1464\">K\u0101puma sp\u0113ja:<\/strong> l\u012bdz 15\u00b0<\/li><\/ul><p data-start=\"1477\" data-end=\"1500\"><strong data-start=\"1477\" data-end=\"1500\">\u0160asija un komforts:<\/strong><\/p><ul data-start=\"1501\" data-end=\"1801\"><li data-start=\"1501\" data-end=\"1561\"><strong data-start=\"1503\" data-end=\"1514\">Riepas:<\/strong> 300-10 vakuuma riepas (priek\u0161\u0101 un aizmugur\u0113)<\/li><li data-start=\"1562\" data-end=\"1598\"><strong data-start=\"1564\" data-end=\"1574\">Diski:<\/strong> Alum\u012bnija sakaus\u0113juma<\/li><li data-start=\"1599\" data-end=\"1650\"><strong data-start=\"1601\" data-end=\"1620\">Brem\u017eu sist\u0113ma:<\/strong> \u010cetru rite\u0146u brem\u017eu trumu\u013ci<\/li><li data-start=\"1651\" data-end=\"1674\"><strong data-start=\"1653\" data-end=\"1666\">Kl\u012brenss:<\/strong> 16 cm<\/li><li data-start=\"1675\" data-end=\"1752\"><strong data-start=\"1677\" data-end=\"1689\">Piekare:<\/strong> Priek\u0161\u0113j\u0101 neatkar\u012bg\u0101 piekare, aizmugur\u0113 atsperu amortiz\u0101cija<\/li><li data-start=\"1753\" data-end=\"1801\"><strong data-start=\"1755\" data-end=\"1768\">S\u0113deklis:<\/strong> Import\u0113ts PU komforta s\u0113deklis<\/li><\/ul><p data-start=\"1803\" data-end=\"1827\"><strong data-start=\"1803\" data-end=\"1827\">Papildu inform\u0101cija:<\/strong><\/p><ul data-start=\"1828\" data-end=\"1993\"><li data-start=\"1828\" data-end=\"1870\"><strong data-start=\"1830\" data-end=\"1854\">Virsb\u016bves materi\u0101ls:<\/strong> ABS plastmasa<\/li><li data-start=\"1871\" data-end=\"1937\"><strong data-start=\"1873\" data-end=\"1884\">Kr\u0101sas:<\/strong> Zila, melna, sarkana (iesp\u0113jama individualiz\u0101cija)<\/li><li data-start=\"1938\" data-end=\"1993\"><strong data-start=\"1940\" data-end=\"1955\">Iepakojums:<\/strong> T\u0113rauda r\u0101mis ar kartona iepakojumu<\/li><\/ul>\n\t\t\t\t\t<\/div>\n\t\t\t\t\t\t<\/div>\n\t\t\t\t<\/div>\n\t\t\t\t<\/div>\n\t\t<div class=\"elementor-element elementor-element-eabb7ce e-con-full e-flex e-con e-child\" data-id=\"eabb7ce\" data-element_type=\"container\" data-e-type=\"container\">\n\t\t\t\t<div class=\"elementor-element elementor-element-5328e56 elementor-widget elementor-widget-wd_image_or_svg\" data-id=\"5328e56\" data-element_type=\"widget\" data-e-type=\"widget\" data-widget_type=\"wd_image_or_svg.default\">\n\t\t\t\t<div class=\"elementor-widget-container\">\n\t\t\t\t\t\n\t\t<div class=\"wd-image text-center\">\n\t\t\t\t\t\t\t\t<img loading=\"lazy\" decoding=\"async\" width=\"1600\" height=\"1600\" src=\"https:\/\/holaskuteri.lv\/wp-content\/uploads\/2026\/04\/15.jpg\" class=\"attachment-full size-full\" alt=\"\" srcset=\"https:\/\/holaskuteri.lv\/wp-content\/uploads\/2026\/04\/15.jpg 1600w, https:\/\/holaskuteri.lv\/wp-content\/uploads\/2026\/04\/15-300x300.jpg 300w, https:\/\/holaskuteri.lv\/wp-content\/uploads\/2026\/04\/15-800x800.jpg 800w, https:\/\/holaskuteri.lv\/wp-content\/uploads\/2026\/04\/15-150x150.jpg 150w, https:\/\/holaskuteri.lv\/wp-content\/uploads\/2026\/04\/15-768x768.jpg 768w, https:\/\/holaskuteri.lv\/wp-content\/uploads\/2026\/04\/15-1536x1536.jpg 1536w, https:\/\/holaskuteri.lv\/wp-content\/uploads\/2026\/04\/15-12x12.jpg 12w, https:\/\/holaskuteri.lv\/wp-content\/uploads\/2026\/04\/15-430x430.jpg 430w, https:\/\/holaskuteri.lv\/wp-content\/uploads\/2026\/04\/15-700x700.jpg 700w\" sizes=\"auto, (max-width: 1600px) 100vw, 1600px\" \/>\t\t\t\t\t<\/div>\n\n\t\t\t\t\t\t<\/div>\n\t\t\t\t<\/div>\n\t\t\t\t<div class=\"elementor-element elementor-element-f5f3d53 elementor-widget elementor-widget-wd_image_or_svg\" data-id=\"f5f3d53\" data-element_type=\"widget\" data-e-type=\"widget\" data-widget_type=\"wd_image_or_svg.default\">\n\t\t\t\t<div class=\"elementor-widget-container\">\n\t\t\t\t\t\n\t\t<div class=\"wd-image text-center\">\n\t\t\t\t\t\t\t\t<img loading=\"lazy\" decoding=\"async\" width=\"1600\" height=\"1600\" src=\"https:\/\/holaskuteri.lv\/wp-content\/uploads\/2026\/04\/14.jpg\" class=\"attachment-full size-full\" alt=\"\" srcset=\"https:\/\/holaskuteri.lv\/wp-content\/uploads\/2026\/04\/14.jpg 1600w, https:\/\/holaskuteri.lv\/wp-content\/uploads\/2026\/04\/14-300x300.jpg 300w, https:\/\/holaskuteri.lv\/wp-content\/uploads\/2026\/04\/14-800x800.jpg 800w, https:\/\/holaskuteri.lv\/wp-content\/uploads\/2026\/04\/14-150x150.jpg 150w, https:\/\/holaskuteri.lv\/wp-content\/uploads\/2026\/04\/14-768x768.jpg 768w, https:\/\/holaskuteri.lv\/wp-content\/uploads\/2026\/04\/14-1536x1536.jpg 1536w, https:\/\/holaskuteri.lv\/wp-content\/uploads\/2026\/04\/14-12x12.jpg 12w, https:\/\/holaskuteri.lv\/wp-content\/uploads\/2026\/04\/14-430x430.jpg 430w, https:\/\/holaskuteri.lv\/wp-content\/uploads\/2026\/04\/14-700x700.jpg 700w\" sizes=\"auto, (max-width: 1600px) 100vw, 1600px\" \/>\t\t\t\t\t<\/div>\n\n\t\t\t\t\t\t<\/div>\n\t\t\t\t<\/div>\n\t\t\t\t<\/div>\n\t\t\t\t<\/div>\n\t\t\t\t\t<\/div>\n\t\t\t\t<\/div>\n\t\t\t\t<\/div>","protected":false},"excerpt":{"rendered":"<p><strong>PIEEJAMS DR\u012aZUM\u0100<\/strong><\/p>\n<p data-start=\"23\" data-end=\"390\">AFD-4 (EEC) ir kompakts un uzticams elektriskais sk\u016bteris, kas paredz\u0113ts ikdienas p\u0101rvieto\u0161anai pils\u0113tvid\u0113 un \u012bs\u0101m distanc\u0113m. Tas izce\u013cas ar stabilu konstrukciju, komfortablu s\u0113dekli un ekonomisku ekspluat\u0101ciju. Sk\u016bteris apr\u012bkots ar efekt\u012bvu 60V diferenci\u0101lo motoru, kas nodro\u0161ina vienm\u0113r\u012bgu brauk\u0161anu un pietiekamu jaudu gan l\u012bdzeniem ce\u013ciem, gan nelieliem k\u0101pumiem.<\/p>\n<p data-start=\"392\" data-end=\"662\">Pateicoties \u010detru rite\u0146u konstrukcijai un neatkar\u012bgajai piekarei, brauciens ir dro\u0161s un komfortabls pat uz nel\u012bdzen\u0101ka seguma. ABS plastmasas virsb\u016bve nodro\u0161ina iztur\u012bbu un modernu izskatu, savuk\u0101rt alum\u012bnija diski un vakuuma riepas uzlabo stabilit\u0101ti un sa\u0137eri ar ce\u013cu.<\/p>","protected":false},"featured_media":16166,"comment_status":"open","ping_status":"closed","template":"","meta":[],"product_brand":[],"product_cat":[77],"product_tag":[],"class_list":{"0":"post-16159","1":"product","2":"type-product","3":"status-publish","4":"has-post-thumbnail","6":"product_cat-4-ritenu","8":"first","9":"instock","10":"shipping-taxable","11":"product-type-simple"},"_links":{"self":[{"href":"https:\/\/holaskuteri.lv\/en\/wp-json\/wp\/v2\/product\/16159","targetHints":{"allow":["GET"]}}],"collection":[{"href":"https:\/\/holaskuteri.lv\/en\/wp-json\/wp\/v2\/product"}],"about":[{"href":"https:\/\/holaskuteri.lv\/en\/wp-json\/wp\/v2\/types\/product"}],"replies":[{"embeddable":true,"href":"https:\/\/holaskuteri.lv\/en\/wp-json\/wp\/v2\/comments?post=16159"}],"version-history":[{"count":7,"href":"https:\/\/holaskuteri.lv\/en\/wp-json\/wp\/v2\/product\/16159\/revisions"}],"predecessor-version":[{"id":16192,"href":"https:\/\/holaskuteri.lv\/en\/wp-json\/wp\/v2\/product\/16159\/revisions\/16192"}],"wp:featuredmedia":[{"embeddable":true,"href":"https:\/\/holaskuteri.lv\/en\/wp-json\/wp\/v2\/media\/16166"}],"wp:attachment":[{"href":"https:\/\/holaskuteri.lv\/en\/wp-json\/wp\/v2\/media?parent=16159"}],"wp:term":[{"taxonomy":"product_brand","embeddable":true,"href":"https:\/\/holaskuteri.lv\/en\/wp-json\/wp\/v2\/product_brand?post=16159"},{"taxonomy":"product_cat","embeddable":true,"href":"https:\/\/holaskuteri.lv\/en\/wp-json\/wp\/v2\/product_cat?post=16159"},{"taxonomy":"product_tag","embeddable":true,"href":"https:\/\/holaskuteri.lv\/en\/wp-json\/wp\/v2\/product_tag?post=16159"}],"curies":[{"name":"wp","href":"https:\/\/api.w.org\/{rel}","templated":true}]}}